{"id":22,"date":"2010-06-19T20:40:07","date_gmt":"2010-06-19T18:40:07","guid":{"rendered":"http:\/\/www.voipmaster.ee\/wordpress\/?page_id=22"},"modified":"2023-01-04T20:46:28","modified_gmt":"2023-01-04T18:46:28","slug":"kontakt","status":"publish","type":"page","link":"https:\/\/www.voipmaster.ee\/?page_id=22","title":{"rendered":"Kontakt"},"content":{"rendered":"<p><strong>VoipMaster O\u00dc<\/strong><\/p>\n<p>telefon: +372 681 8759<br \/>\naadress: J\u00e4rvevana tee 3, 10112 Tallinn<br \/>\ne-mail: <a href=\"mailto:voip@voipmaster.ee\">voip@voipmaster.ee<\/a><br \/>\nskype: <a title=\"skype:voipmaster.ee?call\" href=\"skype:voipmaster.ee?call\">voipmaster.ee<\/a><\/p>\n<p>tellimused, m\u00fc\u00fck: <a href=\"mailto:sales@voipmaster.ee\">sales@voipmaster.ee<\/a><\/p>\n<p>reg. nr. 11059410<br \/>\nKMKR nr. EE100918348<\/p>\n<p>arveldusarve IBAN EE532200221025462761<\/p>\n","protected":false},"excerpt":{"rendered":"<p>VoipMaster O\u00dc telefon: +372 681 8759 aadress: J\u00e4rvevana tee 3, 10112 Tallinn e-mail: voip@voipmaster.ee skype: voipmaster.ee tellimused, m\u00fc\u00fck: sales@voipmaster.ee reg. nr. 11059410 KMKR nr. EE100918348 arveldusarve IBAN EE532200221025462761<\/p>\n","protected":false},"author":2,"featured_media":0,"parent":0,"menu_order":99,"comment_status":"closed","ping_status":"open","template":"","meta":{"footnotes":""},"class_list":["post-22","page","type-page","status-publish","hentry"],"_links":{"self":[{"href":"https:\/\/www.voipmaster.ee\/index.php?rest_route=\/wp\/v2\/pages\/22","targetHints":{"allow":["GET"]}}],"collection":[{"href":"https:\/\/www.voipmaster.ee\/index.php?rest_route=\/wp\/v2\/pages"}],"about":[{"href":"https:\/\/www.voipmaster.ee\/index.php?rest_route=\/wp\/v2\/types\/page"}],"author":[{"embeddable":true,"href":"https:\/\/www.voipmaster.ee\/index.php?rest_route=\/wp\/v2\/users\/2"}],"replies":[{"embeddable":true,"href":"https:\/\/www.voipmaster.ee\/index.php?rest_route=%2Fwp%2Fv2%2Fcomments&post=22"}],"version-history":[{"count":10,"href":"https:\/\/www.voipmaster.ee\/index.php?rest_route=\/wp\/v2\/pages\/22\/revisions"}],"predecessor-version":[{"id":1163,"href":"https:\/\/www.voipmaster.ee\/index.php?rest_route=\/wp\/v2\/pages\/22\/revisions\/1163"}],"wp:attachment":[{"href":"https:\/\/www.voipmaster.ee\/index.php?rest_route=%2Fwp%2Fv2%2Fmedia&parent=22"}],"curies":[{"name":"wp","href":"https:\/\/api.w.org\/{rel}","templated":true}]}}