{"id":229,"date":"2010-06-22T11:04:31","date_gmt":"2010-06-22T09:04:31","guid":{"rendered":"http:\/\/www.voipmaster.ee\/wordpress\/"},"modified":"2013-06-11T12:55:52","modified_gmt":"2013-06-11T10:55:52","slug":"kasutusjuhend","status":"publish","type":"page","link":"https:\/\/www.voipmaster.ee\/?page_id=229","title":{"rendered":"Kasutusjuhend"},"content":{"rendered":"<p><strong>VoIPLINE kasutusjuhend<\/strong><\/p>\n<p>K\u00e4esolev juhend tutvustab VoIPLINE teenuse kasutamist koos BudgeTone seeria IP-telefonidega. Kui kasutate HandyTone seeria IP-adapterit, v\u00f5ivad m\u00f5ningad \u00fcksikasjad erineda, s\u00f5ltuvalt adapteri k\u00fclge \u00fchendatud telefoniaparaadi v\u00f5imalustest ja omadustest.<\/p>\n<p>Telefonide detailsed kasutusjuhendid on saadaval aadressilt <a href=\"http:\/\/www.grandstream.com\/support\">http:\/\/www.grandstream.com\/user_manuals\/<\/a><\/p>\n<p><strong>Helistamine<\/strong><\/p>\n<ul>\n<li>t\u00f5sta kuuldetoru (v\u00f5i \u00abk\u00e4ed-vabad\u00bb-reziimis r\u00e4\u00e4kimiseks vajuta <strong>&#8220;SPEAKERPHONE&#8221;<\/strong>)<\/li>\n<li>kuuled tooni<\/li>\n<li>vali <strong>soovitud number<\/strong>, nt. <strong>&#8220;6123456&#8221;<\/strong><\/li>\n<li>vajuta <strong>&#8220;SEND&#8221;<\/strong> (v\u00f5i oota 4 sekundit)<\/li>\n<li>kui kutsutav number on vaba, kuuled kutsuvat tooni<\/li>\n<\/ul>\n<p><em><strong>NB!<\/strong> Helistamisel h\u00e4daabi numbrile 112 tuleb meeles pidada, et k\u00f5ne suundub Harjumaa P\u00e4\u00e4steteenistusele s\u00f5ltumata helistaja asukohast!<\/em><\/p>\n<p><strong>Suunakoodid helistamisel<\/strong><\/p>\n<p>Eesti laua- ja mobiiltelefonidele helistamiseks vali number ilma suunakoodideta, n\u00e4iteks:<\/p>\n<ul>\n<li><strong>&#8220;6123456&#8221;<\/strong> lauatelefonile helistamiseks;<\/li>\n<li><strong>&#8220;5123456&#8221;<\/strong> mobiiltelefonile helistamiseks.<\/li>\n<\/ul>\n<p>Rahvusvaheliste k\u00f5nede puhul tuleb soovitud numbri ette valida <strong>&#8220;00&#8221;<\/strong>.<\/p>\n<p><em><strong>NB!<\/strong> Virtuaalvahendusjaama abonentidel tuleb Eesti laua- ja mobiiltelefonidele helistamiseks soovitud numbrile ette valida <strong>&#8220;0&#8221;<\/strong>, rahvusvaheliste k\u00f5nede puhul <strong>&#8220;00&#8221;<\/strong>. Firmasiseste tasuta k\u00f5nede sooritamiseks on kasutusel l\u00fchinumbrid (abonentnumbri 3 viimast j\u00e4rku).<\/em><\/p>\n<p><strong>K\u00f5nele vastamine<\/strong><\/p>\n<p>K\u00f5nele vastamine k\u00e4ib tavap\u00e4rasel moel &#8211; kui kuuled kutsungit, t\u00f5sta kuuldetoru (v\u00f5i \u00abk\u00e4ed-vabad\u00bb-reziimis r\u00e4\u00e4kimiseks vajuta <strong>&#8220;SPEAKERPHONE&#8221;<\/strong>).<\/p>\n<p><strong>Edasi\u00fchendamine<\/strong><\/p>\n<p>Sissetulnud k\u00f5ne edasi\u00fchendamiseks toimi nii:<\/p>\n<p><strong>BudgeTone<\/strong><\/p>\n<ul>\n<li>vajuta <strong>&#8220;FLASH&#8221;<\/strong><\/li>\n<li>kuuled tooni<\/li>\n<li>vali <strong>soovitud number<\/strong><\/li>\n<li>vajuta <strong>&#8220;SEND&#8221;<\/strong> (v\u00f5i oota 4 sekundit)<\/li>\n<li>kuuled kutsuvat tooni<\/li>\n<li>(soovi korral oota kuni k\u00f5nele vastatakse ja r\u00e4\u00e4gi)<\/li>\n<li>edasi\u00fchendamiseks vali <strong>&#8220;TRANSFER&#8221;<\/strong><\/li>\n<li>aseta kuuldetoru hargile<\/li>\n<\/ul>\n<p><strong>HandyTone<\/strong><\/p>\n<ul>\n<li>vajuta <strong>&#8220;R&#8221;<\/strong><\/li>\n<li>kuuled tooni<\/li>\n<li>vali <strong>soovitud number<\/strong><\/li>\n<li>oota 4 sekundit<\/li>\n<li><strong>kuuled kutsuvat tooni<\/strong><\/li>\n<li>(soovi korral oota kuni k\u00f5nele vastatakse ja r\u00e4\u00e4gi)<\/li>\n<li>edasi\u00fchendamiseks aseta kuuldetoru hargile<\/li>\n<\/ul>\n<p>Kui edasi\u00fchendatud k\u00f5nele ei vastatud, tuleb k\u00f5ne uuesti tagasi (telefon heliseb). Kuuldetoru t\u00f5stes saab vestlust helistajaga j\u00e4tkata.<\/p>\n<p><em><strong>NB!<\/strong> Virtuaalvahendusjaama teenuse abonendid v\u00f5ivad k\u00f5ne edasi \u00fchendada ka firmasisestele l\u00fchinumbritele.<\/em><\/p>\n<p><strong>Suunamisteenused<\/strong><\/p>\n<p><em><strong>NB!<\/strong> K\u00f5ikide suunamiste aktiveerimisel ja t\u00fchistamisel tuleb l\u00f5ppu valida <strong>&#8220;SEND&#8221;<\/strong> v\u00f5i oodata, kuni kostub kinnine toon.<\/em><\/p>\n<p><strong>Eelsuunamine<\/strong><\/p>\n<p>K\u00f5ik sissetulevad k\u00f5ned suunatakse koheselt edasi soovitud numbrile.<\/p>\n<ul>\n<li>suunamise aktiveerimine: <strong>*21* + soovitud number<\/strong><\/li>\n<li>suunamise t\u00fchistamine: <strong>#21#<\/strong><\/li>\n<\/ul>\n<p><strong>Suunamine kui levist v\u00e4ljas<\/strong><\/p>\n<p>K\u00f5ik sissetulevad k\u00f5ned suunatakse koheselt edasi soovitud numbrile kui telefon ei ole VoIP-serveris registreeritud.<\/p>\n<ul>\n<li>suunamise aktiveerimine: <strong>*27* + soovitud number<\/strong><\/li>\n<li>suunamise t\u00fchistamine: <strong>#27#<\/strong><\/li>\n<\/ul>\n<p><strong>Suunamine kui number ei vasta<\/strong><\/p>\n<p>K\u00f5ik sissetulevad k\u00f5ned suunatakse edasi soovitud numbrile kui telefonile ei vastata 20 s jooksul.<\/p>\n<ul>\n<li>suunamise aktiveerimine: <strong>*61* + soovitud number<\/strong><\/li>\n<li>suunamise t\u00fchistamine: <strong>#61#<\/strong><\/li>\n<\/ul>\n<p><strong>Suunamine kui number on kinni<\/strong><\/p>\n<p>K\u00f5ik sissetulevad k\u00f5ned suunatakse edasi soovitud numbrile kui telefon on kinni.<\/p>\n<ul>\n<li>suunamise aktiveerimine: <strong>*67* + soovitud number<\/strong><\/li>\n<li>suunamise t\u00fchistamine: <strong>#67#<\/strong><\/li>\n<\/ul>\n<p>Soovitud number valitakse harjumusp\u00e4rasel viisil. Suunatud k\u00f5ne eest tasub suunaja vastavalt tavap\u00e4rasele hinnakirjale.<\/p>\n<p><em><strong>NB!<\/strong> Soovitame m\u00e4\u00e4rata &#8220;Suunamine kui levist v\u00e4ljas&#8221; numbriks oma mobiilinumbri, siis ei l\u00e4he elektri- v\u00f5i arvutiv\u00f5rgu h\u00e4irete puhul sissetulev k\u00f5ne kaduma.<\/em><\/p>\n<p><strong>K\u00f5nepost 109<\/strong><\/p>\n<p>K\u00f5nepost on tasuta lisateenus mis aktiveeritakse kliendi soovil.<\/p>\n<p>K\u00f5neposti saabunud teatest annab m\u00e4rku telefoni ekraani ja klaviatuurivalgustuse vilkumine ning katkendlik toon kuuldetoru t\u00f5stmisel.<\/p>\n<p>HandyTone seeria adapteri kasutamisel annab saabunud teatest m\u00e4rku rohelise tulukese vilkumine adapteril ning katkendlik toon kuuldetoru t\u00f5stmisel.<\/p>\n<p>K\u00f5neposti j\u00e4etud s\u00f5numite kuulamiseks t\u00f5sta kuuldetoru ning vajuta nuppu <strong>&#8220;MESSAGE&#8221;<\/strong> v\u00f5i vali number <strong>109<\/strong>. Kuuled Sulle j\u00e4etud s\u00f5numite arvu ning juhiseid k\u00f5neposti kasutamiseks.<\/p>\n<p><strong>Koputus (sissetuleva k\u00f5ne m\u00e4rguanne) ja vahek\u00f5ne<\/strong><\/p>\n<p>Koputus ja vahek\u00f5ne on tasuta lisateenused mis aktiveeritakse kliendi soovil.<\/p>\n<p><strong>Paralleeltelefon<\/strong><\/p>\n<p>Soovi korral on v\u00f5imalik \u00fche abonentnumbriga siduda kaks telefoniaparaati, mille omavahelised k\u00f5ned on tasuta. Sissetuleva k\u00f5ne korral helisevad m\u00f5lemad aparaadid korraga ning k\u00f5ne \u00fchendatakse esimesena vastanud telefonile. Seejuures on teise aparaadiga v\u00f5imalik uusi k\u00f5nesid vastu v\u00f5tta. V\u00e4ljuvaid k\u00f5nesid on aparaatidelt v\u00f5imalik sooritada teineteisest s\u00f5ltumatult.<\/p>\n<p>Teisele aparaadile on v\u00f5imalik helistada l\u00fchinumbriga <strong>&#8220;*&#8221;<\/strong>.<\/p>\n<p><strong>Lisateenused virtuaalvahendusjaama abonentidele<\/strong><\/p>\n<p><strong>Firmasisesed l\u00fchinumbrid<\/strong><\/p>\n<p>Tasuta firmasiseste k\u00f5nede tegemiseks on kasutusel l\u00fchinumbrid &#8211; telefoninumbri 3 viimast j\u00e4rku. L\u00fchinumbreid on v\u00f5imalik kasutada ka edasi\u00fchendamisel ja suunamisel.<\/p>\n<p><strong>Sissetuleva k\u00f5ne noppimine<\/strong><\/p>\n<p>Virtuaalvahendusjaama abonendid saavad sissetuleva k\u00f5ne grupisiseselt noppida:<\/p>\n<ul>\n<li>t\u00f5sta kuuldetoru (v\u00f5i \u00abk\u00e4ed-vabad\u00bb-reziimis r\u00e4\u00e4kimiseks vajuta <strong>&#8220;SPEAKERPHONE&#8221;<\/strong>)<\/li>\n<li>vali <strong>*8<\/strong><\/li>\n<li>vajuta <strong>&#8220;SEND&#8221;<\/strong> (v\u00f5i oota 4 sekundit)<\/li>\n<\/ul>\n<p><strong>Automaatne tervitus<\/strong><\/p>\n<p>M\u00e4\u00e4ratud kellaaegade vahel kuuleb sissehelistaja automaatset tervitusteksti. Tervitustekst on \u00fchine k\u00f5igile firma numbritele.<\/p>\n<p>Automaatse tervituse juhtimine:<\/p>\n<ul>\n<li><strong>*1<\/strong> &#8211; tervitusteksti sisselugemine<\/li>\n<li><strong>*2<\/strong> &#8211; tervitusteksti kuulamine<\/li>\n<li><strong>*3<\/strong> &#8211; tervitusteksti kustutamine ja automaatse tervituse t\u00fchistamine<\/li>\n<\/ul>\n<p><em><strong>NB!<\/strong> Ajal kui automaatne tervitus on aktiveeritud, m\u00e4\u00e4ratud suunamisi ei toimu!<\/em><\/p>\n<p><strong>Klienditeenindus peale teenuse k\u00e4ivitamist<\/strong><\/p>\n<p>Tekkinud tehniliste probleemide ja k\u00fcsimuste jaoks on Teie k\u00e4sutuses VoipMasteri klienditeeninduse telefon <strong>681 8759<\/strong> v\u00f5i aadress <a href=\"mailto:voip@voipmaster.ee\">voip@voipmaster.ee<\/a> ning arveldusk\u00fcsimustes Elisa klienditeeninduse tasuta telefon <strong>660 0600<\/strong> v\u00f5i aadress <a href=\"mailto:elisa@elisa.ee\">elisa@elisa.ee<\/a>.<\/p>\n","protected":false},"excerpt":{"rendered":"<p>VoIPLINE kasutusjuhend K\u00e4esolev juhend tutvustab VoIPLINE teenuse kasutamist koos BudgeTone seeria IP-telefonidega. Kui kasutate HandyTone seeria IP-adapterit, v\u00f5ivad m\u00f5ningad \u00fcksikasjad erineda, s\u00f5ltuvalt adapteri k\u00fclge \u00fchendatud telefoniaparaadi v\u00f5imalustest ja omadustest. Telefonide detailsed kasutusjuhendid on saadaval aadressilt http:\/\/www.grandstream.com\/user_manuals\/ Helistamine t\u00f5sta kuuldetoru (v\u00f5i \u00abk\u00e4ed-vabad\u00bb-reziimis r\u00e4\u00e4kimiseks vajuta &#8220;SPEAKERPHONE&#8221;) kuuled tooni vali soovitud number, nt. &#8220;6123456&#8221; vajuta &#8220;SEND&#8221; (v\u00f5i oota &hellip; <a href=\"https:\/\/www.voipmaster.ee\/?page_id=229\" class=\"more-link\">Loe edasi: <span class=\"screen-reader-text\">Kasutusjuhend<\/span><\/a><\/p>\n","protected":false},"author":2,"featured_media":0,"parent":217,"menu_order":0,"comment_status":"closed","ping_status":"open","template":"","meta":{"footnotes":""},"class_list":["post-229","page","type-page","status-publish","hentry"],"_links":{"self":[{"href":"https:\/\/www.voipmaster.ee\/index.php?rest_route=\/wp\/v2\/pages\/229","targetHints":{"allow":["GET"]}}],"collection":[{"href":"https:\/\/www.voipmaster.ee\/index.php?rest_route=\/wp\/v2\/pages"}],"about":[{"href":"https:\/\/www.voipmaster.ee\/index.php?rest_route=\/wp\/v2\/types\/page"}],"author":[{"embeddable":true,"href":"https:\/\/www.voipmaster.ee\/index.php?rest_route=\/wp\/v2\/users\/2"}],"replies":[{"embeddable":true,"href":"https:\/\/www.voipmaster.ee\/index.php?rest_route=%2Fwp%2Fv2%2Fcomments&post=229"}],"version-history":[{"count":8,"href":"https:\/\/www.voipmaster.ee\/index.php?rest_route=\/wp\/v2\/pages\/229\/revisions"}],"predecessor-version":[{"id":806,"href":"https:\/\/www.voipmaster.ee\/index.php?rest_route=\/wp\/v2\/pages\/229\/revisions\/806"}],"up":[{"embeddable":true,"href":"https:\/\/www.voipmaster.ee\/index.php?rest_route=\/wp\/v2\/pages\/217"}],"wp:attachment":[{"href":"https:\/\/www.voipmaster.ee\/index.php?rest_route=%2Fwp%2Fv2%2Fmedia&parent=229"}],"curies":[{"name":"wp","href":"https:\/\/api.w.org\/{rel}","templated":true}]}}